{"id":435,"date":"2015-01-17T09:55:03","date_gmt":"2015-01-17T09:55:03","guid":{"rendered":"http:\/\/urbanvolcano.net\/en\/?page_id=435"},"modified":"2025-10-11T14:15:18","modified_gmt":"2025-10-11T14:15:18","slug":"frontpage","status":"publish","type":"page","link":"https:\/\/urbanvolcano.net\/en\/","title":{"rendered":""},"content":{"rendered":"\n<p class=\"intro-paragraph has-larger-font-size\">Illustrated <a title=\"short stories by B\u00f6rkur Sigurbj\u00f6rnsson\" href=\"https:\/\/urbanvolcano.net\/en\/category\/shortstories\/\">short stories<\/a>, <a title=\"flash fiction by B\u00f6rkur Sigurbj\u00f6rnsson\" href=\"https:\/\/urbanvolcano.net\/en\/category\/flash-fiction\/\">flash fiction<\/a> and <a title=\"poetry by B\u00f6rkur Sigurbj\u00f6rnsson\" href=\"https:\/\/urbanvolcano.net\/en\/category\/poetry\/\">poetry<\/a> by  <a title=\"Homepage of B\u00f6rkur Sigurbj\u00f6rnsson\" href=\"https:\/\/www.borkur.net\/\">B\u00f6rkur Sigurbj\u00f6rnsson<\/a>.<\/p>\n\n\n\n<hr class=\"wp-block-separator has-alpha-channel-opacity\"\/>\n\n\n<div class=\"urban-volcano-featured-post\"><div class=\"urban-volcano-featured-post-label\">Random entry from the category <a href=\"https:\/\/urbanvolcano.net\/en\/category\/flash-fiction\/\" rel=\"category tag\">Flash fiction<\/a><\/div><div class=\"urban-volcano-post-content\"><div class=\"urban-volcano-post-thumbnail\"><img loading=\"lazy\" decoding=\"async\" width=\"300\" height=\"300\" src=\"https:\/\/i0.wp.com\/urbanvolcano.net\/en\/wp-content\/uploads\/2017\/05\/W20.png?fit=300%2C300&amp;ssl=1\" class=\"attachment-medium size-medium wp-post-image\" alt=\"Blood revenge \u2014 Illustration by B\u00f6rkur Sigurbj\u00f6rnsson\" srcset=\"https:\/\/i0.wp.com\/urbanvolcano.net\/en\/wp-content\/uploads\/2017\/05\/W20.png?w=1025&amp;ssl=1 1025w, https:\/\/i0.wp.com\/urbanvolcano.net\/en\/wp-content\/uploads\/2017\/05\/W20.png?resize=150%2C150&amp;ssl=1 150w, https:\/\/i0.wp.com\/urbanvolcano.net\/en\/wp-content\/uploads\/2017\/05\/W20.png?resize=300%2C300&amp;ssl=1 300w, https:\/\/i0.wp.com\/urbanvolcano.net\/en\/wp-content\/uploads\/2017\/05\/W20.png?resize=768%2C768&amp;ssl=1 768w, https:\/\/i0.wp.com\/urbanvolcano.net\/en\/wp-content\/uploads\/2017\/05\/W20.png?resize=1024%2C1024&amp;ssl=1 1024w\" sizes=\"auto, (max-width: 300px) 100vw, 300px\" \/><\/div><div class=\"urban-volcano-post-text\"><h2><a href=\"https:\/\/urbanvolcano.net\/en\/blood-revenge\/\">Blood revenge<\/a><\/h2><p>A flash fiction by B\u00f6rkur Sigurbj\u00f6rnsson. It is not always easy to be an animal friend when confronted with an aggressive mosquito.<\/p><\/div><\/div><\/div>\n\n\n\n<hr class=\"wp-block-separator has-alpha-channel-opacity\"\/>\n\n\n\n<h2 class=\"wp-block-heading\">Common topics<\/h2>\n\n\n<p class=\"wp-block-tag-cloud\"><a href=\"https:\/\/urbanvolcano.net\/en\/tag\/airports\/\" class=\"tag-cloud-link tag-link-23 tag-link-position-1\" style=\"font-size: 10.52pt;\" aria-label=\"airports (2 items)\">airports<\/a>\n<a href=\"https:\/\/urbanvolcano.net\/en\/tag\/animals\/\" class=\"tag-cloud-link tag-link-58 tag-link-position-2\" style=\"font-size: 18.92pt;\" aria-label=\"animals (11 items)\">animals<\/a>\n<a href=\"https:\/\/urbanvolcano.net\/en\/tag\/anxiety\/\" class=\"tag-cloud-link tag-link-76 tag-link-position-3\" style=\"font-size: 22pt;\" aria-label=\"anxiety (19 items)\">anxiety<\/a>\n<a href=\"https:\/\/urbanvolcano.net\/en\/tag\/arts\/\" class=\"tag-cloud-link tag-link-62 tag-link-position-4\" style=\"font-size: 13.6pt;\" aria-label=\"arts (4 items)\">arts<\/a>\n<a href=\"https:\/\/urbanvolcano.net\/en\/tag\/bars-cafes\/\" class=\"tag-cloud-link tag-link-8 tag-link-position-5\" style=\"font-size: 19.34pt;\" aria-label=\"bars &amp; caf\u00e9s (12 items)\">bars &amp; caf\u00e9s<\/a>\n<a href=\"https:\/\/urbanvolcano.net\/en\/tag\/beliefs\/\" class=\"tag-cloud-link tag-link-45 tag-link-position-6\" style=\"font-size: 10.52pt;\" aria-label=\"beliefs (2 items)\">beliefs<\/a>\n<a href=\"https:\/\/urbanvolcano.net\/en\/tag\/celebrities\/\" class=\"tag-cloud-link tag-link-64 tag-link-position-7\" style=\"font-size: 10.52pt;\" aria-label=\"celebrities (2 items)\">celebrities<\/a>\n<a href=\"https:\/\/urbanvolcano.net\/en\/tag\/daily-commute\/\" class=\"tag-cloud-link tag-link-12 tag-link-position-8\" style=\"font-size: 18.36pt;\" aria-label=\"daily commute (10 items)\">daily commute<\/a>\n<a href=\"https:\/\/urbanvolcano.net\/en\/tag\/dreams\/\" class=\"tag-cloud-link tag-link-36 tag-link-position-9\" style=\"font-size: 13.6pt;\" aria-label=\"dreams (4 items)\">dreams<\/a>\n<a href=\"https:\/\/urbanvolcano.net\/en\/tag\/forces-of-nature\/\" class=\"tag-cloud-link tag-link-65 tag-link-position-10\" style=\"font-size: 15.7pt;\" aria-label=\"forces of nature (6 items)\">forces of nature<\/a>\n<a href=\"https:\/\/urbanvolcano.net\/en\/tag\/games\/\" class=\"tag-cloud-link tag-link-38 tag-link-position-11\" style=\"font-size: 13.6pt;\" aria-label=\"games (4 items)\">games<\/a>\n<a href=\"https:\/\/urbanvolcano.net\/en\/tag\/geology\/\" class=\"tag-cloud-link tag-link-53 tag-link-position-12\" style=\"font-size: 12.2pt;\" aria-label=\"geology (3 items)\">geology<\/a>\n<a href=\"https:\/\/urbanvolcano.net\/en\/tag\/human-behavior\/\" class=\"tag-cloud-link tag-link-57 tag-link-position-13\" style=\"font-size: 20.32pt;\" aria-label=\"human behavior (14 items)\">human behavior<\/a>\n<a href=\"https:\/\/urbanvolcano.net\/en\/tag\/iceland\/\" class=\"tag-cloud-link tag-link-73 tag-link-position-14\" style=\"font-size: 17.1pt;\" aria-label=\"Iceland (8 items)\">Iceland<\/a>\n<a href=\"https:\/\/urbanvolcano.net\/en\/tag\/insomnia\/\" class=\"tag-cloud-link tag-link-47 tag-link-position-15\" style=\"font-size: 13.6pt;\" aria-label=\"insomnia (4 items)\">insomnia<\/a>\n<a href=\"https:\/\/urbanvolcano.net\/en\/tag\/lectures-and-conferences\/\" class=\"tag-cloud-link tag-link-63 tag-link-position-16\" style=\"font-size: 12.2pt;\" aria-label=\"lectures and conferences (3 items)\">lectures and conferences<\/a>\n<a href=\"https:\/\/urbanvolcano.net\/en\/tag\/literature\/\" class=\"tag-cloud-link tag-link-61 tag-link-position-17\" style=\"font-size: 15.7pt;\" aria-label=\"literature (6 items)\">literature<\/a>\n<a href=\"https:\/\/urbanvolcano.net\/en\/tag\/memories\/\" class=\"tag-cloud-link tag-link-54 tag-link-position-18\" style=\"font-size: 16.4pt;\" aria-label=\"memories (7 items)\">memories<\/a>\n<a href=\"https:\/\/urbanvolcano.net\/en\/tag\/nature\/\" class=\"tag-cloud-link tag-link-35 tag-link-position-19\" style=\"font-size: 18.36pt;\" aria-label=\"nature (10 items)\">nature<\/a>\n<a href=\"https:\/\/urbanvolcano.net\/en\/tag\/neighbors\/\" class=\"tag-cloud-link tag-link-6 tag-link-position-20\" style=\"font-size: 12.2pt;\" aria-label=\"neighbors (3 items)\">neighbors<\/a>\n<a href=\"https:\/\/urbanvolcano.net\/en\/tag\/on-writing\/\" class=\"tag-cloud-link tag-link-46 tag-link-position-21\" style=\"font-size: 19.9pt;\" aria-label=\"on writing (13 items)\">on writing<\/a>\n<a href=\"https:\/\/urbanvolcano.net\/en\/tag\/plants\/\" class=\"tag-cloud-link tag-link-34 tag-link-position-22\" style=\"font-size: 8pt;\" aria-label=\"plants (1 item)\">plants<\/a>\n<a href=\"https:\/\/urbanvolcano.net\/en\/tag\/protest\/\" class=\"tag-cloud-link tag-link-56 tag-link-position-23\" style=\"font-size: 15.7pt;\" aria-label=\"protest (6 items)\">protest<\/a>\n<a href=\"https:\/\/urbanvolcano.net\/en\/tag\/public-spaces\/\" class=\"tag-cloud-link tag-link-9 tag-link-position-24\" style=\"font-size: 14.72pt;\" aria-label=\"public spaces (5 items)\">public spaces<\/a>\n<a href=\"https:\/\/urbanvolcano.net\/en\/tag\/quirky-characters\/\" class=\"tag-cloud-link tag-link-71 tag-link-position-25\" style=\"font-size: 16.4pt;\" aria-label=\"quirky characters (7 items)\">quirky characters<\/a>\n<a href=\"https:\/\/urbanvolcano.net\/en\/tag\/royalty\/\" class=\"tag-cloud-link tag-link-44 tag-link-position-26\" style=\"font-size: 10.52pt;\" aria-label=\"royalty (2 items)\">royalty<\/a>\n<a href=\"https:\/\/urbanvolcano.net\/en\/tag\/science-and-technology\/\" class=\"tag-cloud-link tag-link-50 tag-link-position-27\" style=\"font-size: 14.72pt;\" aria-label=\"science and technology (5 items)\">science and technology<\/a>\n<a href=\"https:\/\/urbanvolcano.net\/en\/tag\/sickness-and-health\/\" class=\"tag-cloud-link tag-link-72 tag-link-position-28\" style=\"font-size: 16.4pt;\" aria-label=\"sickness and health (7 items)\">sickness and health<\/a>\n<a href=\"https:\/\/urbanvolcano.net\/en\/tag\/street-life\/\" class=\"tag-cloud-link tag-link-66 tag-link-position-29\" style=\"font-size: 18.36pt;\" aria-label=\"street life (10 items)\">street life<\/a>\n<a href=\"https:\/\/urbanvolcano.net\/en\/tag\/supernatural-creatures\/\" class=\"tag-cloud-link tag-link-60 tag-link-position-30\" style=\"font-size: 16.4pt;\" aria-label=\"supernatural creatures (7 items)\">supernatural creatures<\/a>\n<a href=\"https:\/\/urbanvolcano.net\/en\/tag\/travels\/\" class=\"tag-cloud-link tag-link-30 tag-link-position-31\" style=\"font-size: 18.92pt;\" aria-label=\"travels (11 items)\">travels<\/a>\n<a href=\"https:\/\/urbanvolcano.net\/en\/tag\/waiting\/\" class=\"tag-cloud-link tag-link-67 tag-link-position-32\" style=\"font-size: 13.6pt;\" aria-label=\"waiting (4 items)\">waiting<\/a>\n<a href=\"https:\/\/urbanvolcano.net\/en\/tag\/workplace\/\" class=\"tag-cloud-link tag-link-37 tag-link-position-33\" style=\"font-size: 18.92pt;\" aria-label=\"workplace (11 items)\">workplace<\/a><\/p>\n\n\n<hr class=\"wp-block-separator has-alpha-channel-opacity\"\/>\n\n\n\n<h2 class=\"wp-block-heading\">About the author<\/h2>\n\n\n<div class=\"wp-block-image\">\n<figure class=\"alignright size-medium\"><a href=\"https:\/\/i0.wp.com\/urbanvolcano.net\/en\/wp-content\/uploads\/2024\/03\/Borkur-2015-04-500x500-1.jpg?ssl=1\"><img data-recalc-dims=\"1\" loading=\"lazy\" decoding=\"async\" width=\"300\" height=\"300\" src=\"https:\/\/i0.wp.com\/urbanvolcano.net\/en\/wp-content\/uploads\/2024\/03\/Borkur-2015-04-500x500-1.jpg?resize=300%2C300&#038;ssl=1\" alt=\"B\u00f6rkur Sigurbj\u00f6rnsson\" class=\"wp-image-1773\" srcset=\"https:\/\/i0.wp.com\/urbanvolcano.net\/en\/wp-content\/uploads\/2024\/03\/Borkur-2015-04-500x500-1.jpg?resize=300%2C300&amp;ssl=1 300w, https:\/\/i0.wp.com\/urbanvolcano.net\/en\/wp-content\/uploads\/2024\/03\/Borkur-2015-04-500x500-1.jpg?resize=150%2C150&amp;ssl=1 150w, https:\/\/i0.wp.com\/urbanvolcano.net\/en\/wp-content\/uploads\/2024\/03\/Borkur-2015-04-500x500-1.jpg?w=500&amp;ssl=1 500w\" sizes=\"auto, (max-width: 300px) 100vw, 300px\" \/><\/a><\/figure><\/div>\n\n\n<p>B\u00f6rkur Sigurbj\u00f6rnsson is an Icelandic fiction writer. B\u00f6rkur is an avid storyteller with a keen eye for quirky characters, funny dialogs and vivid scenario descriptions. Much of his writing falls within the genre of realistic fiction and his stories are more often than not based on real events in the author\u2019s life. Although the tales contain grains of truth, they are melded with fiction, making the reader curious to know the line between reality and fantasy.<\/p>\n\n\n\n<p>Born in Reykjav\u00edk, Iceland, B\u00f6rkur has since the turn of the century traveled the world chasing education, love, employment and adventures, with prolonged stays in Amsterdam, Barcelona, Burscheid, D\u00fcsseldorf, London, Montevideo and Paris. B\u00f6rkur is a polymath and seeks inspiration for his stories in various aspects of human existence.<\/p>\n\n\n\n<p>You can follow the author on <a href=\"https:\/\/www.goodreads.com\/borkurdotnet\" title=\"Fiction writer B\u00f6rkur Sigurbj\u00f6rnsson on Goodreads\">Goodreads<\/a> to stay up to date with the latest releases and support the author by making a donation via \u201c<a href=\"\/\/buymeacoffee.com\/borkur\" title=\"Support fiction writer B\u00f6rkur Sigurbj\u00f6rnsson on buy me a coffee\">buy me a coffee<\/a>\u201d or <a href=\"https:\/\/patreon.com\/UrbanVolcano\" title=\"Support fiction writer B\u00f6rkur Sigurbj\u00f6rnsson on Patreon\">Patreon<\/a>.<\/p>\n\n\n\n<hr class=\"wp-block-separator has-alpha-channel-opacity\"\/>\n\n\n\n<h2 class=\"wp-block-heading\">Books<\/h2>\n\n\n\n<p>B\u00f6rkur&#8217;s debut literary publication was the short story collection <a title=\"Short story collection 999 Abroad\" href=\"https:\/\/urbanvolcano.net\/en\/999-abroad\/\">999 Abroad<\/a> (2012), where most stories tell a tale of an Icelander living abroad. The flash fiction collection <a title=\"Flash fiction collection Flash 52\" href=\"https:\/\/urbanvolcano.net\/en\/flash-52\/\">Flash 52<\/a> (2017) was the result of a yearlong project of publishing an illustrated flash fiction every week. The short story collection <a title=\"Short story collection Talk to Strangers\" href=\"https:\/\/urbanvolcano.net\/en\/talk-to-strangers\/\">Talk to Strangers<\/a> (2019) focuses on various types of dialogs with the unknown. The flash fiction collection, <a href=\"https:\/\/urbanvolcano.net\/en\/among-other-things\/\" data-type=\"post\" data-id=\"1996\">Among Other Things<\/a> (2024) takes an introverted view of various aspects of life. <\/p>\n\n\n\n<p>B\u00f6rkur\u2019s books are available for sale as <a title=\"Books by fiction writer B\u00f6rkur Sigurbj\u00f6rnsson\" href=\"https:\/\/urbanvolcano.net\/en\/category\/books\/\">electronic books (e-books) and paperbacks<\/a> on major sites such as <a title=\"Books by fiction writer B\u00f6rkur Sigurbj\u00f6rnsson on Amazon\" href=\"http:\/\/amazon.com\/author\/borkurdotnet\">Amazon (including Kindle)<\/a>, <a title=\"Books by fiction writer B\u00f6rkur Sigurbj\u00f6rnsson on Apple iBooks\" href=\"https:\/\/itunes.apple.com\/us\/author\/borkur-sigurbjornsson\/id565639117\">Apple\u2019s iBooks store<\/a>, <a title=\"Books by fiction writer B\u00f6rkur Sigurbj\u00f6rnsson on Barnes and Noble\" href=\"https:\/\/www.barnesandnoble.com\/s\/%22B%C3%B6rkur%20Sigurbj%C3%B6rnsson%22\">Barnes and Noble<\/a>, <a title=\"Books by fiction writer B\u00f6rkur Sigurbj\u00f6rnsson on Kobo\" href=\"https:\/\/www.kobo.com\/gb\/en\/search?query=B%C3%B6rkur%20Sigurbj%C3%B6rnsson&amp;fcsearchfield=Author\">Kobo<\/a>, and <a title=\"Books by fiction writer B\u00f6rkur Sigurbj\u00f6rnsson on Storytel\" href=\"https:\/\/www.storytel.com\/in\/authors\/b%C3%B6rkur-sigurbj%C3%B6rnsson-709165\">Storytel<\/a>. B\u00f6rkur\u2019s writing is simultaneously available in <a title=\"Short stories and flash fiction by B\u00f6rkur Sigurbj\u00f6rnsson in English\" href=\"https:\/\/urbanvolcano.net\/en\/\">English<\/a>, <a title=\"Short stories and flash fiction by B\u00f6rkur Sigurbj\u00f6rnsson in Icelandic\" href=\"https:\/\/urbanvolcano.net\/is\/\">Icelandic<\/a> and <a title=\"Short stories and flash fiction by B\u00f6rkur Sigurbj\u00f6rnsson in Spanish\" href=\"https:\/\/urbanvolcano.net\/es\/\">Spanish<\/a>.<\/p>\n","protected":false},"excerpt":{"rendered":"<p>The Urban Volcano is a collection of short stories and flash fiction written by B\u00f6rkur Sigurbj\u00f6rnsson, mostly in the form of realistic fiction with a mix of fantasy.<\/p>\n","protected":false},"author":1,"featured_media":0,"parent":0,"menu_order":0,"comment_status":"closed","ping_status":"open","template":"","meta":{"advanced_seo_description":"","jetpack_seo_html_title":"","jetpack_seo_noindex":false,"footnotes":""},"class_list":["post-435","page","type-page","status-publish","hentry","col-md-6 col-sm-6"],"jetpack_sharing_enabled":true,"_links":{"self":[{"href":"https:\/\/urbanvolcano.net\/en\/wp-json\/wp\/v2\/pages\/435","targetHints":{"allow":["GET"]}}],"collection":[{"href":"https:\/\/urbanvolcano.net\/en\/wp-json\/wp\/v2\/pages"}],"about":[{"href":"https:\/\/urbanvolcano.net\/en\/wp-json\/wp\/v2\/types\/page"}],"author":[{"embeddable":true,"href":"https:\/\/urbanvolcano.net\/en\/wp-json\/wp\/v2\/users\/1"}],"replies":[{"embeddable":true,"href":"https:\/\/urbanvolcano.net\/en\/wp-json\/wp\/v2\/comments?post=435"}],"version-history":[{"count":48,"href":"https:\/\/urbanvolcano.net\/en\/wp-json\/wp\/v2\/pages\/435\/revisions"}],"predecessor-version":[{"id":2342,"href":"https:\/\/urbanvolcano.net\/en\/wp-json\/wp\/v2\/pages\/435\/revisions\/2342"}],"wp:attachment":[{"href":"https:\/\/urbanvolcano.net\/en\/wp-json\/wp\/v2\/media?parent=435"}],"curies":[{"name":"wp","href":"https:\/\/api.w.org\/{rel}","templated":true}]}}