{"id":675,"date":"2015-03-01T09:50:32","date_gmt":"2015-03-01T09:50:32","guid":{"rendered":"http:\/\/urbanvolcano.net\/es\/?page_id=675"},"modified":"2025-10-11T14:13:28","modified_gmt":"2025-10-11T14:13:28","slug":"bienvenido-al-urban-volcano","status":"publish","type":"page","link":"https:\/\/urbanvolcano.net\/es\/","title":{"rendered":""},"content":{"rendered":"\n<p class=\"intro-paragraph has-larger-font-size\"><a title=\"Relatos de B\u00f6rkur Sigurbj\u00f6rnsson\" href=\"https:\/\/urbanvolcano.net\/es\/categor%C3%ADa\/relatos\/\">Relatos<\/a> y <a title=\"Microrrelatos de B\u00f6rkur Sigurbj\u00f6rnsson\" href=\"https:\/\/urbanvolcano.net\/es\/categor%C3%ADa\/microrrelatos\/\">microrrelatos<\/a> ilustrados de <a title=\"P\u00e1gina web de B\u00f6rkur Sigurbj\u00f6rnsson\" href=\"https:\/\/www.borkur.net\/\">B\u00f6rkur Sigurbj\u00f6rnsson<\/a>.<\/p>\n\n\n\n<hr class=\"wp-block-separator has-alpha-channel-opacity\"\/>\n\n\n<div class=\"urban-volcano-featured-post\"><div class=\"urban-volcano-featured-post-label\">Entrada al azar de la categor\u00eda <a href=\"https:\/\/urbanvolcano.net\/es\/categor\u00eda\/libros\/\" rel=\"category tag\">Libros<\/a><\/div><div class=\"urban-volcano-post-content\"><div class=\"urban-volcano-post-thumbnail\"><img loading=\"lazy\" decoding=\"async\" width=\"228\" height=\"300\" src=\"https:\/\/urbanvolcano.net\/es\/wp-content\/uploads\/2018\/02\/52-Momentos-228x300.jpg\" class=\"attachment-medium size-medium wp-post-image\" alt=\"52 Momentos \u2014 Dise\u00f1o de tapa: Ana Pi\u00f1eyro\" srcset=\"https:\/\/urbanvolcano.net\/es\/wp-content\/uploads\/2018\/02\/52-Momentos-228x300.jpg 228w, https:\/\/urbanvolcano.net\/es\/wp-content\/uploads\/2018\/02\/52-Momentos-778x1024.jpg 778w, https:\/\/urbanvolcano.net\/es\/wp-content\/uploads\/2018\/02\/52-Momentos-768x1011.jpg 768w, https:\/\/urbanvolcano.net\/es\/wp-content\/uploads\/2018\/02\/52-Momentos-900x1184.jpg 900w, https:\/\/urbanvolcano.net\/es\/wp-content\/uploads\/2018\/02\/52-Momentos-500x658.jpg 500w, https:\/\/urbanvolcano.net\/es\/wp-content\/uploads\/2018\/02\/52-Momentos.jpg 1025w\" sizes=\"auto, (max-width: 228px) 100vw, 228px\" \/><\/div><div class=\"urban-volcano-post-text\"><h2><a href=\"https:\/\/urbanvolcano.net\/es\/52-momentos\/\">52 momentos<\/a><\/h2><p>52 momentos es una colecci\u00f3n de microrrelatos de B\u00f6rkur Sigurbj\u00f6rnsson. Los relatos cuentan momentos cortos en la vida cotidiana, frecuentemente revelando personajes interesantes o situaciones intrigantes.<\/p><\/div><\/div><\/div>\n\n\n\n<hr class=\"wp-block-separator has-alpha-channel-opacity\"\/>\n\n\n\n<h2 class=\"wp-block-heading\">Temas populares<\/h2>\n\n\n<p class=\"wp-block-tag-cloud\"><a href=\"https:\/\/urbanvolcano.net\/es\/tema\/aeropuertos\/\" class=\"tag-cloud-link tag-link-28 tag-link-position-1\" style=\"font-size: 8pt;\" aria-label=\"aeropuertos (1 elemento)\">aeropuertos<\/a>\n<a href=\"https:\/\/urbanvolcano.net\/es\/tema\/animales\/\" class=\"tag-cloud-link tag-link-29 tag-link-position-2\" style=\"font-size: 20.833333333333pt;\" aria-label=\"animales (6 elementos)\">animales<\/a>\n<a href=\"https:\/\/urbanvolcano.net\/es\/tema\/arte\/\" class=\"tag-cloud-link tag-link-49 tag-link-position-3\" style=\"font-size: 12.2pt;\" aria-label=\"arte (2 elementos)\">arte<\/a>\n<a href=\"https:\/\/urbanvolcano.net\/es\/tema\/bares-cafes\/\" class=\"tag-cloud-link tag-link-6 tag-link-position-4\" style=\"font-size: 19.2pt;\" aria-label=\"bares &amp; caf\u00e9s (5 elementos)\">bares &amp; caf\u00e9s<\/a>\n<a href=\"https:\/\/urbanvolcano.net\/es\/tema\/charlas-y-conferencias\/\" class=\"tag-cloud-link tag-link-50 tag-link-position-5\" style=\"font-size: 15pt;\" aria-label=\"charlas y conferencias (3 elementos)\">charlas y conferencias<\/a>\n<a href=\"https:\/\/urbanvolcano.net\/es\/tema\/ciencia-y-tecnologia\/\" class=\"tag-cloud-link tag-link-54 tag-link-position-6\" style=\"font-size: 15pt;\" aria-label=\"ciencia y tecnolog\u00eda (3 elementos)\">ciencia y tecnolog\u00eda<\/a>\n<a href=\"https:\/\/urbanvolcano.net\/es\/tema\/comportamiento-humano\/\" class=\"tag-cloud-link tag-link-40 tag-link-position-7\" style=\"font-size: 22pt;\" aria-label=\"comportamiento humano (7 elementos)\">comportamiento humano<\/a>\n<a href=\"https:\/\/urbanvolcano.net\/es\/tema\/creencias\/\" class=\"tag-cloud-link tag-link-51 tag-link-position-8\" style=\"font-size: 8pt;\" aria-label=\"creencias (1 elemento)\">creencias<\/a>\n<a href=\"https:\/\/urbanvolcano.net\/es\/tema\/criaturas-sobrenaturales\/\" class=\"tag-cloud-link tag-link-47 tag-link-position-9\" style=\"font-size: 17.333333333333pt;\" aria-label=\"criaturas sobrenaturales (4 elementos)\">criaturas sobrenaturales<\/a>\n<a href=\"https:\/\/urbanvolcano.net\/es\/tema\/espacios-publicos\/\" class=\"tag-cloud-link tag-link-48 tag-link-position-10\" style=\"font-size: 15pt;\" aria-label=\"espacios p\u00fablicos (3 elementos)\">espacios p\u00fablicos<\/a>\n<a href=\"https:\/\/urbanvolcano.net\/es\/tema\/esperar\/\" class=\"tag-cloud-link tag-link-56 tag-link-position-11\" style=\"font-size: 8pt;\" aria-label=\"esperar (1 elemento)\">esperar<\/a>\n<a href=\"https:\/\/urbanvolcano.net\/es\/tema\/famosos\/\" class=\"tag-cloud-link tag-link-52 tag-link-position-12\" style=\"font-size: 12.2pt;\" aria-label=\"famosos (2 elementos)\">famosos<\/a>\n<a href=\"https:\/\/urbanvolcano.net\/es\/tema\/fuerzas-de-la-naturaleza\/\" class=\"tag-cloud-link tag-link-53 tag-link-position-13\" style=\"font-size: 15pt;\" aria-label=\"fuerzas de la naturaleza (3 elementos)\">fuerzas de la naturaleza<\/a>\n<a href=\"https:\/\/urbanvolcano.net\/es\/tema\/geologia\/\" class=\"tag-cloud-link tag-link-46 tag-link-position-14\" style=\"font-size: 8pt;\" aria-label=\"geolog\u00eda (1 elemento)\">geolog\u00eda<\/a>\n<a href=\"https:\/\/urbanvolcano.net\/es\/tema\/insomnio\/\" class=\"tag-cloud-link tag-link-45 tag-link-position-15\" style=\"font-size: 12.2pt;\" aria-label=\"insomnio (2 elementos)\">insomnio<\/a>\n<a href=\"https:\/\/urbanvolcano.net\/es\/tema\/islandia\/\" class=\"tag-cloud-link tag-link-58 tag-link-position-16\" style=\"font-size: 19.2pt;\" aria-label=\"Islandia (5 elementos)\">Islandia<\/a>\n<a href=\"https:\/\/urbanvolcano.net\/es\/tema\/juegos\/\" class=\"tag-cloud-link tag-link-33 tag-link-position-17\" style=\"font-size: 17.333333333333pt;\" aria-label=\"juegos (4 elementos)\">juegos<\/a>\n<a href=\"https:\/\/urbanvolcano.net\/es\/tema\/literatura\/\" class=\"tag-cloud-link tag-link-35 tag-link-position-18\" style=\"font-size: 20.833333333333pt;\" aria-label=\"literatura (6 elementos)\">literatura<\/a>\n<a href=\"https:\/\/urbanvolcano.net\/es\/tema\/lugar-de-trabajo\/\" class=\"tag-cloud-link tag-link-31 tag-link-position-19\" style=\"font-size: 20.833333333333pt;\" aria-label=\"lugar-de-trabajo (6 elementos)\">lugar-de-trabajo<\/a>\n<a href=\"https:\/\/urbanvolcano.net\/es\/tema\/manifestaciones\/\" class=\"tag-cloud-link tag-link-39 tag-link-position-20\" style=\"font-size: 8pt;\" aria-label=\"manifestaciones (1 elemento)\">manifestaciones<\/a>\n<a href=\"https:\/\/urbanvolcano.net\/es\/tema\/memorias\/\" class=\"tag-cloud-link tag-link-37 tag-link-position-21\" style=\"font-size: 17.333333333333pt;\" aria-label=\"memorias (4 elementos)\">memorias<\/a>\n<a href=\"https:\/\/urbanvolcano.net\/es\/tema\/naturaleza\/\" class=\"tag-cloud-link tag-link-36 tag-link-position-22\" style=\"font-size: 15pt;\" aria-label=\"naturaleza (3 elementos)\">naturaleza<\/a>\n<a href=\"https:\/\/urbanvolcano.net\/es\/tema\/plantas\/\" class=\"tag-cloud-link tag-link-25 tag-link-position-23\" style=\"font-size: 8pt;\" aria-label=\"plantas (1 elemento)\">plantas<\/a>\n<a href=\"https:\/\/urbanvolcano.net\/es\/tema\/reyes\/\" class=\"tag-cloud-link tag-link-38 tag-link-position-24\" style=\"font-size: 15pt;\" aria-label=\"reyes (3 elementos)\">reyes<\/a>\n<a href=\"https:\/\/urbanvolcano.net\/es\/tema\/sobre-escribir\/\" class=\"tag-cloud-link tag-link-11 tag-link-position-25\" style=\"font-size: 19.2pt;\" aria-label=\"sobre escribir (5 elementos)\">sobre escribir<\/a>\n<a href=\"https:\/\/urbanvolcano.net\/es\/tema\/suenos\/\" class=\"tag-cloud-link tag-link-32 tag-link-position-26\" style=\"font-size: 15pt;\" aria-label=\"sue\u00f1os (3 elementos)\">sue\u00f1os<\/a>\n<a href=\"https:\/\/urbanvolcano.net\/es\/tema\/transito\/\" class=\"tag-cloud-link tag-link-26 tag-link-position-27\" style=\"font-size: 22pt;\" aria-label=\"tr\u00e1nsito (7 elementos)\">tr\u00e1nsito<\/a>\n<a href=\"https:\/\/urbanvolcano.net\/es\/tema\/vecinos\/\" class=\"tag-cloud-link tag-link-7 tag-link-position-28\" style=\"font-size: 12.2pt;\" aria-label=\"vecinos (2 elementos)\">vecinos<\/a>\n<a href=\"https:\/\/urbanvolcano.net\/es\/tema\/viajes\/\" class=\"tag-cloud-link tag-link-27 tag-link-position-29\" style=\"font-size: 22pt;\" aria-label=\"viajes (7 elementos)\">viajes<\/a>\n<a href=\"https:\/\/urbanvolcano.net\/es\/tema\/vida-de-la-calle\/\" class=\"tag-cloud-link tag-link-55 tag-link-position-30\" style=\"font-size: 15pt;\" aria-label=\"vida de la calle (3 elementos)\">vida de la calle<\/a><\/p>\n\n\n<hr class=\"wp-block-separator has-alpha-channel-opacity\"\/>\n\n\n\n<h2 class=\"wp-block-heading\">Sobre el autor<\/h2>\n\n\n<div class=\"wp-block-image\">\n<figure class=\"alignright size-full is-resized\"><a href=\"https:\/\/urbanvolcano.net\/es\/wp-content\/uploads\/2024\/04\/Borkur-2015-04-500x500-1.jpg\"><img loading=\"lazy\" decoding=\"async\" width=\"500\" height=\"500\" src=\"https:\/\/urbanvolcano.net\/es\/wp-content\/uploads\/2024\/04\/Borkur-2015-04-500x500-1.jpg\" alt=\"B\u00f6rkur Sigurbj\u00f6rnsson\" class=\"wp-image-1638\" style=\"width:300px\" srcset=\"https:\/\/urbanvolcano.net\/es\/wp-content\/uploads\/2024\/04\/Borkur-2015-04-500x500-1.jpg 500w, https:\/\/urbanvolcano.net\/es\/wp-content\/uploads\/2024\/04\/Borkur-2015-04-500x500-1-300x300.jpg 300w, https:\/\/urbanvolcano.net\/es\/wp-content\/uploads\/2024\/04\/Borkur-2015-04-500x500-1-150x150.jpg 150w\" sizes=\"auto, (max-width: 500px) 100vw, 500px\" \/><\/a><\/figure><\/div>\n\n\n<p>B\u00f6rkur Sigurbj\u00f6rnsson es un escritor de ficci\u00f3n island\u00e9s. B\u00f6rkur es un narrador \u00e1vido con buen ojo para personajes peculiares, di\u00e1logos c\u00f3micos y escenarios vivos. La gran parte de sus obras pertenecen a la ficci\u00f3n realista y muchos de sus relatos est\u00e1n inspirados por eventos reales de la vida del autor. Si bien los cuentos contienen trazos de realidad, \u00e9stos se combinan con la ficci\u00f3n, incitando la curiosidad del lector para conocer la l\u00ednea entre realidad y fantas\u00eda.<\/p>\n\n\n\n<p>B\u00f6rkur naci\u00f3 en Reikiavik, Islandia, y durante las \u00faltimas dos d\u00e9cadas ha viajado por el mundo persiguiendo educaci\u00f3n, amor, trabajo y aventura, con estancias prolongadas en \u00c1msterdam, Barcelona, Burscheid, D\u00fcsseldorf, Londres, Montevideo y Par\u00eds. B\u00f6rkur es un erudito y busca inspiraci\u00f3n para sus historias en diversos aspectos de la existencia humana.<\/p>\n\n\n\n<p>Puedes seguir al autor en <a href=\"https:\/\/www.goodreads.com\/borkurdotnet\">Goodreads<\/a> para mantenerse actualizado con los \u00faltimos lanzamientos y apoyar al autor haciendo una donaci\u00f3n a trav\u00e9s de \u00ab<a href=\"\/\/buymeacoffee.com\/borkur\">c\u00f3mprame un caf\u00e9<\/a>\u00bb o <a href=\"https:\/\/patreon.com\/UrbanVolcano\">Patreon<\/a>.<\/p>\n\n\n\n<hr class=\"wp-block-separator has-alpha-channel-opacity\"\/>\n\n\n\n<h2 class=\"wp-block-heading\">Libros<\/h2>\n\n\n\n<p>La primera publicaci\u00f3n literaria de B\u00f6rkur fue la colecci\u00f3n de relatos <a href=\"https:\/\/urbanvolcano.net\/es\/999-fuera\/\">999 Fuera<\/a>, lanzada en espa\u00f1ol en 2016, d\u00f3nde relata historias de islandeses fuera de su pa\u00eds. En 2018, apareci\u00f3 la colecci\u00f3n de microrrelatos <a href=\"https:\/\/urbanvolcano.net\/es\/52-momentos\/\">52 momentos<\/a>\u2014el resultado de un proyecto anual d\u00f3nde el autor public\u00f3 un microrrelato ilustrado cada semana durante un a\u00f1o.<\/p>\n\n\n\n<p>Los libros de B\u00f6rkur est\u00e1n disponibles para la venta como <a href=\"https:\/\/urbanvolcano.net\/es\/categor%C3%ADa\/libros\/\">libros electr\u00f3nicos y libros de bolsillo<\/a> (libros en r\u00fastica) en las principales tiendas en l\u00ednea, como <a href=\"http:\/\/amazon.com\/author\/borkurdotnet\">Amazon (incluyendo Kindle)<\/a>, <a href=\"https:\/\/itunes.apple.com\/us\/author\/borkur-sigurbjornsson\/id565639117\">iBooks store de Apple<\/a>, <a href=\"https:\/\/www.barnesandnoble.com\/s\/%22B%C3%B6rkur%20Sigurbj%C3%B6rnsson%22\">Barnes and Noble<\/a>, <a href=\"https:\/\/www.kobo.com\/gb\/en\/search?query=B%C3%B6rkur%20Sigurbj%C3%B6rnsson&amp;fcsearchfield=Author\">Kobo<\/a> y <a href=\"https:\/\/www.storytel.com\/es\/authors\/b%C3%B6rkur-sigurbj%C3%B6rnsson-709165\">Storytel<\/a>. Las obras de B\u00f6rkur se publican simult\u00e1neamente en <a href=\"https:\/\/urbanvolcano.net\/es\/\">espa\u00f1ol<\/a>, <a href=\"https:\/\/urbanvolcano.net\/en\/\">ingl\u00e9s<\/a> e <a href=\"https:\/\/urbanvolcano.net\/is\/\">island\u00e9s<\/a>.<\/p>\n","protected":false},"excerpt":{"rendered":"<p>El Urban Volcano es una colecci\u00f3n de relatos y microrrelatos ilustrados de B\u00f6rkur Sigurbj\u00f6rnsson.<\/p>\n","protected":false},"author":1,"featured_media":0,"parent":0,"menu_order":0,"comment_status":"closed","ping_status":"open","template":"","meta":{"footnotes":""},"class_list":["post-675","page","type-page","status-publish","hentry","col-md-6 col-sm-6"],"_links":{"self":[{"href":"https:\/\/urbanvolcano.net\/es\/wp-json\/wp\/v2\/pages\/675","targetHints":{"allow":["GET"]}}],"collection":[{"href":"https:\/\/urbanvolcano.net\/es\/wp-json\/wp\/v2\/pages"}],"about":[{"href":"https:\/\/urbanvolcano.net\/es\/wp-json\/wp\/v2\/types\/page"}],"author":[{"embeddable":true,"href":"https:\/\/urbanvolcano.net\/es\/wp-json\/wp\/v2\/users\/1"}],"replies":[{"embeddable":true,"href":"https:\/\/urbanvolcano.net\/es\/wp-json\/wp\/v2\/comments?post=675"}],"version-history":[{"count":38,"href":"https:\/\/urbanvolcano.net\/es\/wp-json\/wp\/v2\/pages\/675\/revisions"}],"predecessor-version":[{"id":1815,"href":"https:\/\/urbanvolcano.net\/es\/wp-json\/wp\/v2\/pages\/675\/revisions\/1815"}],"wp:attachment":[{"href":"https:\/\/urbanvolcano.net\/es\/wp-json\/wp\/v2\/media?parent=675"}],"curies":[{"name":"wp","href":"https:\/\/api.w.org\/{rel}","templated":true}]}}