{"id":522,"date":"2015-03-01T10:15:54","date_gmt":"2015-03-01T10:15:54","guid":{"rendered":"http:\/\/urbanvolcano.net\/is\/?page_id=522"},"modified":"2025-10-11T13:52:15","modified_gmt":"2025-10-11T13:52:15","slug":"velkomin-a-urban-volcano","status":"publish","type":"page","link":"https:\/\/urbanvolcano.net\/is\/","title":{"rendered":""},"content":{"rendered":"\n<p class=\"intro-paragraph has-larger-font-size\">Myndskreyttar <a title=\"sm\u00e1s\u00f6gur eftir B\u00f6rk Sigurbj\u00f6rnsson\" href=\"https:\/\/urbanvolcano.net\/is\/flokkur\/smasogur\/\">sm\u00e1s\u00f6gur<\/a>, <a title=\"\u00f6rs\u00f6gur eftir B\u00f6rk Sigurbj\u00f6rnsson\" href=\"https:\/\/urbanvolcano.net\/is\/flokkur\/orsogur\/\">\u00f6rs\u00f6gur<\/a> og <a title=\"lj\u00f3\u00f0 eftir B\u00f6rk Sigurbj\u00f6rnsson\" href=\"https:\/\/urbanvolcano.net\/flokkur\/ljod\/\">lj\u00f3\u00f0<\/a> eftir <a title=\"heimas\u00ed\u00f0a Barkar Sigurbj\u00f6rnssonar\" href=\"https:\/\/www.borkur.net\/\">B\u00f6rk Sigurbj\u00f6rnsson<\/a>.<\/p>\n\n\n\n<hr class=\"wp-block-separator has-alpha-channel-opacity\"\/>\n\n\n<div class=\"urban-volcano-featured-post\"><div class=\"urban-volcano-featured-post-label\">F\u00e6rsla af handah\u00f3fi \u00far flokknum <a href=\"https:\/\/urbanvolcano.net\/is\/flokkur\/orsogur\/\" rel=\"category tag\">\u00d6rs\u00f6gur<\/a><\/div><div class=\"urban-volcano-post-content\"><div class=\"urban-volcano-post-thumbnail\"><img loading=\"lazy\" decoding=\"async\" width=\"300\" height=\"300\" src=\"https:\/\/i0.wp.com\/urbanvolcano.net\/is\/wp-content\/uploads\/2017\/12\/W13.png?fit=300%2C300&amp;ssl=1\" class=\"attachment-medium size-medium wp-post-image\" alt=\"\u00d6ldur \u2014 Myndskreyting B\u00f6rkur Sigurbj\u00f6rnsson\" srcset=\"https:\/\/i0.wp.com\/urbanvolcano.net\/is\/wp-content\/uploads\/2017\/12\/W13.png?w=1025&amp;ssl=1 1025w, https:\/\/i0.wp.com\/urbanvolcano.net\/is\/wp-content\/uploads\/2017\/12\/W13.png?resize=150%2C150&amp;ssl=1 150w, https:\/\/i0.wp.com\/urbanvolcano.net\/is\/wp-content\/uploads\/2017\/12\/W13.png?resize=300%2C300&amp;ssl=1 300w, https:\/\/i0.wp.com\/urbanvolcano.net\/is\/wp-content\/uploads\/2017\/12\/W13.png?resize=768%2C768&amp;ssl=1 768w, https:\/\/i0.wp.com\/urbanvolcano.net\/is\/wp-content\/uploads\/2017\/12\/W13.png?resize=1024%2C1024&amp;ssl=1 1024w\" sizes=\"auto, (max-width: 300px) 100vw, 300px\" \/><\/div><div class=\"urban-volcano-post-text\"><h2><a href=\"https:\/\/urbanvolcano.net\/is\/oldur\/\">\u00d6ldur<\/a><\/h2><p>\u00d6rsaga eftir B\u00f6rk Sigurbj\u00f6rnsson. Saga um \u00fea\u00f0 a\u00f0 flj\u00f3ta um \u00ed hafi \u00e1n \u00feess a\u00f0 hugsa um sta\u00f0 e\u00f0a stund.<\/p><\/div><\/div><\/div>\n\n\n\n<hr class=\"wp-block-separator has-alpha-channel-opacity\"\/>\n\n\n\n<h2 class=\"wp-block-heading\">Algeng vi\u00f0fangsefni<\/h2>\n\n\n<p class=\"wp-block-tag-cloud\"><a href=\"https:\/\/urbanvolcano.net\/is\/efnisor\u00f0\/almenningsrymi\/\" class=\"tag-cloud-link tag-link-18 tag-link-position-1\" style=\"font-size: 13.6pt;\" aria-label=\"almenningsr\u00fdmi (4 hlutir)\">almenningsr\u00fdmi<\/a>\n<a href=\"https:\/\/urbanvolcano.net\/is\/efnisor\u00f0\/andvokunaetur\/\" class=\"tag-cloud-link tag-link-5 tag-link-position-2\" style=\"font-size: 13.6pt;\" aria-label=\"andv\u00f6kun\u00e6tur (4 hlutir)\">andv\u00f6kun\u00e6tur<\/a>\n<a href=\"https:\/\/urbanvolcano.net\/is\/efnisor\u00f0\/atomljod\/\" class=\"tag-cloud-link tag-link-23 tag-link-position-3\" style=\"font-size: 13.6pt;\" aria-label=\"at\u00f3mlj\u00f3\u00f0 (4 hlutir)\">at\u00f3mlj\u00f3\u00f0<\/a>\n<a href=\"https:\/\/urbanvolcano.net\/is\/efnisor\u00f0\/barir-kaffihus\/\" class=\"tag-cloud-link tag-link-6 tag-link-position-4\" style=\"font-size: 19.34pt;\" aria-label=\"barir &amp; kaffih\u00fas (12 hlutir)\">barir &amp; kaffih\u00fas<\/a>\n<a href=\"https:\/\/urbanvolcano.net\/is\/efnisor\u00f0\/bid\/\" class=\"tag-cloud-link tag-link-67 tag-link-position-5\" style=\"font-size: 14.72pt;\" aria-label=\"bi\u00f0 (5 hlutir)\">bi\u00f0<\/a>\n<a href=\"https:\/\/urbanvolcano.net\/is\/efnisor\u00f0\/bokmenntir\/\" class=\"tag-cloud-link tag-link-49 tag-link-position-6\" style=\"font-size: 17.1pt;\" aria-label=\"b\u00f3kmenntir (8 hlutir)\">b\u00f3kmenntir<\/a>\n<a href=\"https:\/\/urbanvolcano.net\/is\/efnisor\u00f0\/draumar\/\" class=\"tag-cloud-link tag-link-45 tag-link-position-7\" style=\"font-size: 15.7pt;\" aria-label=\"draumar (6 hlutir)\">draumar<\/a>\n<a href=\"https:\/\/urbanvolcano.net\/is\/efnisor\u00f0\/dyr\/\" class=\"tag-cloud-link tag-link-44 tag-link-position-8\" style=\"font-size: 19.34pt;\" aria-label=\"d\u00fdr (12 hlutir)\">d\u00fdr<\/a>\n<a href=\"https:\/\/urbanvolcano.net\/is\/efnisor\u00f0\/ferskeytlur\/\" class=\"tag-cloud-link tag-link-22 tag-link-position-9\" style=\"font-size: 15.7pt;\" aria-label=\"ferskeytlur (6 hlutir)\">ferskeytlur<\/a>\n<a href=\"https:\/\/urbanvolcano.net\/is\/efnisor\u00f0\/ferdalog\/\" class=\"tag-cloud-link tag-link-38 tag-link-position-10\" style=\"font-size: 20.32pt;\" aria-label=\"fer\u00f0al\u00f6g (14 hlutir)\">fer\u00f0al\u00f6g<\/a>\n<a href=\"https:\/\/urbanvolcano.net\/is\/efnisor\u00f0\/flugvellir\/\" class=\"tag-cloud-link tag-link-65 tag-link-position-11\" style=\"font-size: 10.52pt;\" aria-label=\"flugvellir (2 hlutir)\">flugvellir<\/a>\n<a href=\"https:\/\/urbanvolcano.net\/is\/efnisor\u00f0\/fraega-folkid\/\" class=\"tag-cloud-link tag-link-66 tag-link-position-12\" style=\"font-size: 10.52pt;\" aria-label=\"fr\u00e6ga f\u00f3lki\u00f0 (2 hlutir)\">fr\u00e6ga f\u00f3lki\u00f0<\/a>\n<a href=\"https:\/\/urbanvolcano.net\/is\/efnisor\u00f0\/fyrirlestrar-og-radstefnur\/\" class=\"tag-cloud-link tag-link-63 tag-link-position-13\" style=\"font-size: 13.6pt;\" aria-label=\"fyrirlestrar og r\u00e1\u00f0stefnur (4 hlutir)\">fyrirlestrar og r\u00e1\u00f0stefnur<\/a>\n<a href=\"https:\/\/urbanvolcano.net\/is\/efnisor\u00f0\/gotulif\/\" class=\"tag-cloud-link tag-link-64 tag-link-position-14\" style=\"font-size: 18.92pt;\" aria-label=\"g\u00f6tul\u00edf (11 hlutir)\">g\u00f6tul\u00edf<\/a>\n<a href=\"https:\/\/urbanvolcano.net\/is\/efnisor\u00f0\/hegdun-og-atferli\/\" class=\"tag-cloud-link tag-link-51 tag-link-position-15\" style=\"font-size: 21.02pt;\" aria-label=\"heg\u00f0un og atferli (16 hlutir)\">heg\u00f0un og atferli<\/a>\n<a href=\"https:\/\/urbanvolcano.net\/is\/efnisor\u00f0\/jardfraedi\/\" class=\"tag-cloud-link tag-link-20 tag-link-position-16\" style=\"font-size: 13.6pt;\" aria-label=\"jar\u00f0fr\u00e6\u00f0i (4 hlutir)\">jar\u00f0fr\u00e6\u00f0i<\/a>\n<a href=\"https:\/\/urbanvolcano.net\/is\/efnisor\u00f0\/kvidi\/\" class=\"tag-cloud-link tag-link-75 tag-link-position-17\" style=\"font-size: 22pt;\" aria-label=\"kv\u00ed\u00f0i (19 hlutir)\">kv\u00ed\u00f0i<\/a>\n<a href=\"https:\/\/urbanvolcano.net\/is\/efnisor\u00f0\/kongafolk\/\" class=\"tag-cloud-link tag-link-56 tag-link-position-18\" style=\"font-size: 10.52pt;\" aria-label=\"k\u00f3ngaf\u00f3lk (2 hlutir)\">k\u00f3ngaf\u00f3lk<\/a>\n<a href=\"https:\/\/urbanvolcano.net\/is\/efnisor\u00f0\/leikir\/\" class=\"tag-cloud-link tag-link-41 tag-link-position-19\" style=\"font-size: 16.4pt;\" aria-label=\"leikir (7 hlutir)\">leikir<\/a>\n<a href=\"https:\/\/urbanvolcano.net\/is\/efnisor\u00f0\/limrur\/\" class=\"tag-cloud-link tag-link-24 tag-link-position-20\" style=\"font-size: 17.1pt;\" aria-label=\"limrur (8 hlutir)\">limrur<\/a>\n<a href=\"https:\/\/urbanvolcano.net\/is\/efnisor\u00f0\/list\/\" class=\"tag-cloud-link tag-link-62 tag-link-position-21\" style=\"font-size: 13.6pt;\" aria-label=\"list (4 hlutir)\">list<\/a>\n<a href=\"https:\/\/urbanvolcano.net\/is\/efnisor\u00f0\/minningar\/\" class=\"tag-cloud-link tag-link-59 tag-link-position-22\" style=\"font-size: 16.4pt;\" aria-label=\"minningar (7 hlutir)\">minningar<\/a>\n<a href=\"https:\/\/urbanvolcano.net\/is\/efnisor\u00f0\/motmaeli\/\" class=\"tag-cloud-link tag-link-57 tag-link-position-23\" style=\"font-size: 17.1pt;\" aria-label=\"m\u00f3tm\u00e6li (8 hlutir)\">m\u00f3tm\u00e6li<\/a>\n<a href=\"https:\/\/urbanvolcano.net\/is\/efnisor\u00f0\/nagrannar\/\" class=\"tag-cloud-link tag-link-10 tag-link-position-24\" style=\"font-size: 12.2pt;\" aria-label=\"n\u00e1grannar (3 hlutir)\">n\u00e1grannar<\/a>\n<a href=\"https:\/\/urbanvolcano.net\/is\/efnisor\u00f0\/nattura\/\" class=\"tag-cloud-link tag-link-42 tag-link-position-25\" style=\"font-size: 18.92pt;\" aria-label=\"n\u00e1tt\u00fara (11 hlutir)\">n\u00e1tt\u00fara<\/a>\n<a href=\"https:\/\/urbanvolcano.net\/is\/efnisor\u00f0\/natturuofl\/\" class=\"tag-cloud-link tag-link-54 tag-link-position-26\" style=\"font-size: 15.7pt;\" aria-label=\"n\u00e1tt\u00faru\u00f6fl (6 hlutir)\">n\u00e1tt\u00faru\u00f6fl<\/a>\n<a href=\"https:\/\/urbanvolcano.net\/is\/efnisor\u00f0\/ordaleikir\/\" class=\"tag-cloud-link tag-link-12 tag-link-position-27\" style=\"font-size: 15.7pt;\" aria-label=\"or\u00f0aleikir (6 hlutir)\">or\u00f0aleikir<\/a>\n<a href=\"https:\/\/urbanvolcano.net\/is\/efnisor\u00f0\/plontur\/\" class=\"tag-cloud-link tag-link-40 tag-link-position-28\" style=\"font-size: 8pt;\" aria-label=\"pl\u00f6ntur (1 hlutur)\">pl\u00f6ntur<\/a>\n<a href=\"https:\/\/urbanvolcano.net\/is\/efnisor\u00f0\/stjarnfraedi\/\" class=\"tag-cloud-link tag-link-14 tag-link-position-29\" style=\"font-size: 12.2pt;\" aria-label=\"stjarnfr\u00e6\u00f0i (3 hlutir)\">stjarnfr\u00e6\u00f0i<\/a>\n<a href=\"https:\/\/urbanvolcano.net\/is\/efnisor\u00f0\/serkennilegar-sogupersonur\/\" class=\"tag-cloud-link tag-link-70 tag-link-position-30\" style=\"font-size: 16.4pt;\" aria-label=\"s\u00e9rkennilegar s\u00f6gupers\u00f3nur (7 hlutir)\">s\u00e9rkennilegar s\u00f6gupers\u00f3nur<\/a>\n<a href=\"https:\/\/urbanvolcano.net\/is\/efnisor\u00f0\/til-og-fra-vinnu\/\" class=\"tag-cloud-link tag-link-60 tag-link-position-31\" style=\"font-size: 17.8pt;\" aria-label=\"til og fr\u00e1 vinnu (9 hlutir)\">til og fr\u00e1 vinnu<\/a>\n<a href=\"https:\/\/urbanvolcano.net\/is\/efnisor\u00f0\/tru\/\" class=\"tag-cloud-link tag-link-13 tag-link-position-32\" style=\"font-size: 12.2pt;\" aria-label=\"tr\u00fa (3 hlutir)\">tr\u00fa<\/a>\n<a href=\"https:\/\/urbanvolcano.net\/is\/efnisor\u00f0\/taekni-og-visindi\/\" class=\"tag-cloud-link tag-link-43 tag-link-position-33\" style=\"font-size: 17.1pt;\" aria-label=\"t\u00e6kni og v\u00edsindi (8 hlutir)\">t\u00e6kni og v\u00edsindi<\/a>\n<a href=\"https:\/\/urbanvolcano.net\/is\/efnisor\u00f0\/um-skriftir\/\" class=\"tag-cloud-link tag-link-53 tag-link-position-34\" style=\"font-size: 20.6pt;\" aria-label=\"um skriftir (15 hlutir)\">um skriftir<\/a>\n<a href=\"https:\/\/urbanvolcano.net\/is\/efnisor\u00f0\/veikindi-og-heilsa\/\" class=\"tag-cloud-link tag-link-71 tag-link-position-35\" style=\"font-size: 17.1pt;\" aria-label=\"veikindi og heilsa (8 hlutir)\">veikindi og heilsa<\/a>\n<a href=\"https:\/\/urbanvolcano.net\/is\/efnisor\u00f0\/vinnustadir\/\" class=\"tag-cloud-link tag-link-46 tag-link-position-36\" style=\"font-size: 18.36pt;\" aria-label=\"vinnusta\u00f0ir (10 hlutir)\">vinnusta\u00f0ir<\/a>\n<a href=\"https:\/\/urbanvolcano.net\/is\/efnisor\u00f0\/yfirnatturulegar-verur\/\" class=\"tag-cloud-link tag-link-61 tag-link-position-37\" style=\"font-size: 16.4pt;\" aria-label=\"yfirn\u00e1tt\u00farulegar verur (7 hlutir)\">yfirn\u00e1tt\u00farulegar verur<\/a>\n<a href=\"https:\/\/urbanvolcano.net\/is\/efnisor\u00f0\/aeska\/\" class=\"tag-cloud-link tag-link-69 tag-link-position-38\" style=\"font-size: 17.8pt;\" aria-label=\"\u00c6ska (9 hlutir)\">\u00c6ska<\/a>\n<a href=\"https:\/\/urbanvolcano.net\/is\/efnisor\u00f0\/island\/\" class=\"tag-cloud-link tag-link-72 tag-link-position-39\" style=\"font-size: 16.4pt;\" aria-label=\"\u00cdsland (7 hlutir)\">\u00cdsland<\/a><\/p>\n\n\n<hr class=\"wp-block-separator has-alpha-channel-opacity\"\/>\n\n\n\n<h2 class=\"wp-block-heading\">Um h\u00f6fundinn<\/h2>\n\n\n<div class=\"wp-block-image\">\n<figure class=\"alignright size-full is-resized\"><a href=\"https:\/\/i0.wp.com\/urbanvolcano.net\/is\/wp-content\/uploads\/2024\/04\/Borkur-2015-04-500x500-1.jpg?ssl=1\"><img data-recalc-dims=\"1\" loading=\"lazy\" decoding=\"async\" width=\"500\" height=\"500\" src=\"https:\/\/i0.wp.com\/urbanvolcano.net\/is\/wp-content\/uploads\/2024\/04\/Borkur-2015-04-500x500-1.jpg?resize=500%2C500&#038;ssl=1\" alt=\"B\u00f6rkur Sigurbj\u00f6rnsson\" class=\"wp-image-2132\" style=\"width:300px\" srcset=\"https:\/\/i0.wp.com\/urbanvolcano.net\/is\/wp-content\/uploads\/2024\/04\/Borkur-2015-04-500x500-1.jpg?w=500&amp;ssl=1 500w, https:\/\/i0.wp.com\/urbanvolcano.net\/is\/wp-content\/uploads\/2024\/04\/Borkur-2015-04-500x500-1.jpg?resize=300%2C300&amp;ssl=1 300w, https:\/\/i0.wp.com\/urbanvolcano.net\/is\/wp-content\/uploads\/2024\/04\/Borkur-2015-04-500x500-1.jpg?resize=150%2C150&amp;ssl=1 150w\" sizes=\"auto, (max-width: 500px) 100vw, 500px\" \/><\/a><\/figure>\n<\/div>\n\n\n<p>B\u00f6rkur Sigurbj\u00f6rnsson er \u00edslenskur rith\u00f6fundur. B\u00f6rkur er \u00e1hugasamur s\u00f6guma\u00f0ur me\u00f0 n\u00e6mt auga fyrir s\u00e9rst\u00f6kum s\u00f6gupers\u00f3num, fyndnum samt\u00f6lum og lifandi umhverfisl\u00fdsingum. Skrif Barkar flokkast a\u00f0 mestu leyti undir rauns\u00e6isstefnu og s\u00f6gurnar hans eru oftar en ekki bygg\u00f0ar \u00e1 s\u00f6nnum atvikum \u00ed l\u00edfi h\u00f6fundarins. \u00de\u00f3 s\u00f6gurnar innihaldi fj\u00f6lm\u00f6rg sannleikskorn \u00fe\u00e1 eru \u00feau r\u00e6kilega bl\u00f6ndu\u00f0 sk\u00e1ldskap sem vekur upp forvitni lesandans um \u00fea\u00f0 hvar m\u00f6rkin liggi milli raunveruleika og sk\u00e1ldskapar.<\/p>\n\n\n\n<p>B\u00f6rkur er f\u00e6ddur og uppalinn \u00ed Reykjav\u00edk en hefur undanfarna tvo \u00e1ratugi flakka\u00f0 um heiminn \u00ed eltingaleik vi\u00f0 menntun, \u00e1st, atvinnu og \u00e6vint\u00fdri. Hann hefur dvali\u00f0 til lengri t\u00edma \u00ed Amsterdam, Barcelona, Burscheid, D\u00fcsseldorf, London, Montevideo og Par\u00eds. B\u00f6rkur er fj\u00f6lfr\u00e6\u00f0ingur og leitar innbl\u00e1sturs \u00ed s\u00f6gur s\u00ednar \u00ed \u00fdmsum hli\u00f0um mannlegrar tilveru.<\/p>\n\n\n\n<p>Fylgi\u00f0 h\u00f6fundinum \u00e1 <a href=\"https:\/\/www.goodreads.com\/borkurdotnet\">Goodreads<\/a> til \u00feess a\u00f0 f\u00e1 tilkynningar um verk hans um lei\u00f0 og \u00feau koma \u00fat og einnig m\u00e1 styrkja \u00fatg\u00e1funa \u00e1 &#8222;<a href=\"\/\/buymeacoffee.com\/borkur\">kauptu m\u00e9r kaffi<\/a>&#8220; o <a href=\"https:\/\/patreon.com\/UrbanVolcano\">Patreon<\/a>.<\/p>\n\n\n\n<hr class=\"wp-block-separator has-alpha-channel-opacity\"\/>\n\n\n\n<h2 class=\"wp-block-heading\">B\u00e6kur<\/h2>\n\n\n\n<p>Fyrsta b\u00f3k Barkar var sm\u00e1sagnasafni\u00f0 <a href=\"https:\/\/urbanvolcano.net\/is\/999-erlendis\/\">999 Erlendis<\/a> (2012) og segir s\u00f6gur af \u00cdslendingum \u00e1 erlendri grund. \u00d6rsagnasafni\u00f0 <a href=\"https:\/\/urbanvolcano.net\/is\/52-augnablik\/\">52 augnablik<\/a> (2017) er afrakstur \u00e1rslangs verkefnis \u00fear sem h\u00f6fundurinn birti myndskreytta \u00f6rs\u00f6gu \u00ed hverri viku. Sm\u00e1sagnasafni\u00f0 <a href=\"https:\/\/urbanvolcano.net\/is\/taladu-vid-okunnuga\/\">Tala\u00f0u vi\u00f0 \u00f3kunnuga<\/a> (2019) fr\u00e1 samskiptum okkar vi\u00f0 \u00f3kunnuga. \u00d6rsagnasafni\u00f0 <a href=\"https:\/\/urbanvolcano.net\/is\/medal-annars\/\" data-type=\"post\" data-id=\"2155\">Me\u00f0al annars<\/a> (2024) tekur \u00e1 fj\u00f6lbreyttum m\u00e1lefnum daglegs l\u00edfs og r\u00fdnir \u00ed \u00feau undir innhverfu sj\u00f3narhorni. <\/p>\n\n\n\n<p>B\u00e6kur Barkar f\u00e1st sem <a href=\"https:\/\/urbanvolcano.net\/is\/flokkur\/baekur\/\">rafb\u00e6kur og kiljur<\/a> \u00ed helstu vefverslunum, svo sem <a href=\"http:\/\/amazon.com\/author\/borkurdotnet\">Amazon<\/a>, <a href=\"https:\/\/itunes.apple.com\/us\/author\/borkur-sigurbjornsson\/id565639117\">Apple iBooks<\/a>, <a href=\"https:\/\/www.barnesandnoble.com\/s\/%22B%C3%B6rkur%20Sigurbj%C3%B6rnsson%22\">Barnes and Noble<\/a>, <a href=\"https:\/\/www.kobo.com\/gb\/en\/search?query=B%C3%B6rkur%20Sigurbj%C3%B6rnsson&amp;fcsearchfield=Author\">Kobo<\/a>, og <a href=\"https:\/\/www.storytel.com\/is\/authors\/b%C3%B6rkur-sigurbj%C3%B6rnsson-709165\">Storytel<\/a>. B\u00f6rkur skrifar og birtir s\u00f6gur s\u00ednar samhli\u00f0a \u00e1 <a href=\"https:\/\/urbanvolcano.net\/is\/\" data-type=\"page\" data-id=\"522\">\u00edslensku<\/a>, <a href=\"https:\/\/urbanvolcano.net\/en\/\">ensku<\/a> og <a href=\"https:\/\/urbanvolcano.net\/es\/\">sp\u00e6nsku<\/a>.<\/p>\n\n\n\n<p><\/p>\n","protected":false},"excerpt":{"rendered":"<p>Urban Volcano er \u00fatgefandi sk\u00e1ldverka Barkar Sigurbj\u00f6rnssonar og inniheldur  sm\u00e1s\u00f6gur, \u00f6rs\u00f6gur og lj\u00f3\u00f0. <\/p>\n","protected":false},"author":1,"featured_media":0,"parent":0,"menu_order":0,"comment_status":"closed","ping_status":"open","template":"","meta":{"advanced_seo_description":"","jetpack_seo_html_title":"","jetpack_seo_noindex":false,"footnotes":""},"class_list":["post-522","page","type-page","status-publish","hentry","col-md-6 col-sm-6"],"jetpack_sharing_enabled":true,"_links":{"self":[{"href":"https:\/\/urbanvolcano.net\/is\/wp-json\/wp\/v2\/pages\/522","targetHints":{"allow":["GET"]}}],"collection":[{"href":"https:\/\/urbanvolcano.net\/is\/wp-json\/wp\/v2\/pages"}],"about":[{"href":"https:\/\/urbanvolcano.net\/is\/wp-json\/wp\/v2\/types\/page"}],"author":[{"embeddable":true,"href":"https:\/\/urbanvolcano.net\/is\/wp-json\/wp\/v2\/users\/1"}],"replies":[{"embeddable":true,"href":"https:\/\/urbanvolcano.net\/is\/wp-json\/wp\/v2\/comments?post=522"}],"version-history":[{"count":39,"href":"https:\/\/urbanvolcano.net\/is\/wp-json\/wp\/v2\/pages\/522\/revisions"}],"predecessor-version":[{"id":2526,"href":"https:\/\/urbanvolcano.net\/is\/wp-json\/wp\/v2\/pages\/522\/revisions\/2526"}],"wp:attachment":[{"href":"https:\/\/urbanvolcano.net\/is\/wp-json\/wp\/v2\/media?parent=522"}],"curies":[{"name":"wp","href":"https:\/\/api.w.org\/{rel}","templated":true}]}}